{"id":1800,"date":"2022-07-20T15:04:48","date_gmt":"2022-07-20T13:04:48","guid":{"rendered":"https:\/\/wartturm.fgr.design\/bistro-wohnlounge-garten\/"},"modified":"2025-07-11T08:19:08","modified_gmt":"2025-07-11T06:19:08","slug":"living-lounge-garden","status":"publish","type":"page","link":"https:\/\/www.hotel-amwartturm.de\/en\/living-lounge-garden\/","title":{"rendered":"Living lounge \/ garden"},"content":{"rendered":"\r\n<p>Dies ist eine Beispiel-Seite. Sie unterscheidet sich von Beitr\u00e4gen, da sie stets an derselben Stelle bleibt und (bei den meisten Themes) in der Website-Navigation angezeigt wird. Die meisten starten mit einem Impressum, der Datenschutzerkl\u00e4rung oder einer \u201e\u00dcber\u00a0uns\u201c-Seite, um sich potenziellen Besuchern der Website vorzustellen. Dort k\u00f6nnte zum Beispiel stehen:<\/p>\r\n\r\n\r\n\r\n<blockquote class=\"wp-block-quote is-layout-flow wp-block-quote-is-layout-flow\">\r\n<p>Hallo! Tags\u00fcber arbeite ich als Fahrradkurier, nachts bin ich ein aufstrebender Schauspieler und dies hier ist meine Website. Ich lebe in Berlin, habe einen gro\u00dfen Hund namens Jack, mag Pi\u00f1a Coladas, jedoch weniger (ohne Schirm) im Regen stehen gelassen zu werden.<\/p>\r\n<\/blockquote>\r\n\r\n\r\n\r\n<p>&#8230;\u00a0oder so etwas wie:<\/p>\r\n\r\n\r\n\r\n<blockquote class=\"wp-block-quote is-layout-flow wp-block-quote-is-layout-flow\">\r\n<p>Das Unternehmen XYZ wurde 1971 gegr\u00fcndet und versorgt die \u00d6ffentlichkeit seither mit qualitativ hochwertigen Produkten. An seinem Standort in einer kleinen Gro\u00dfstadt besch\u00e4ftigt der Betrieb \u00fcber 2.000 Menschen und unterst\u00fctzt die Stadtbewohner in vielfacher Hinsicht.<\/p>\r\n<\/blockquote>\r\n\r\n\r\n\r\n<p>Als neuer WordPress-Benutzer solltest du <a href=\"https:\/\/www.hotel-amwartturm.de\/wp-admin\/\">dein Dashboard<\/a> aufrufen, um diese Seite zu l\u00f6schen und neue Seiten und Beitr\u00e4ge f\u00fcr deine Website erstellen. Viel Spa\u00df!<\/p>\r\n","protected":false},"excerpt":{"rendered":"<p>Dies ist eine Beispiel-Seite. Sie unterscheidet sich von Beitr\u00e4gen, da sie stets an derselben Stelle bleibt und (bei den meisten Themes) in der Website-Navigation angezeigt &#8230;<\/p>\n","protected":false},"author":4,"featured_media":0,"parent":0,"menu_order":0,"comment_status":"closed","ping_status":"open","template":"","meta":{"_acf_changed":false,"footnotes":""},"class_list":["post-1800","page","type-page","status-publish","hentry"],"acf":[],"yoast_head":"<!-- This site is optimized with the Yoast SEO plugin v27.4 - https:\/\/yoast.com\/product\/yoast-seo-wordpress\/ -->\n<title>Living lounge \/ garden | Hotel Am Wartturm<\/title>\n<meta name=\"robots\" content=\"index, follow, max-snippet:-1, max-image-preview:large, max-video-preview:-1\" \/>\n<link rel=\"canonical\" href=\"https:\/\/www.hotel-amwartturm.de\/en\/living-lounge-garden\/\" \/>\n<meta property=\"og:locale\" content=\"en_US\" \/>\n<meta property=\"og:type\" content=\"article\" \/>\n<meta property=\"og:title\" content=\"Living lounge \/ garden | Hotel Am Wartturm\" \/>\n<meta property=\"og:description\" content=\"Dies ist eine Beispiel-Seite. Sie unterscheidet sich von Beitr\u00e4gen, da sie stets an derselben Stelle bleibt und (bei den meisten Themes) in der Website-Navigation angezeigt ...\" \/>\n<meta property=\"og:url\" content=\"https:\/\/www.hotel-amwartturm.de\/en\/living-lounge-garden\/\" \/>\n<meta property=\"og:site_name\" content=\"Hotel Am Wartturm\" \/>\n<meta property=\"article:publisher\" content=\"https:\/\/www.facebook.com\/hotel.amwartturm\" \/>\n<meta property=\"article:modified_time\" content=\"2025-07-11T06:19:08+00:00\" \/>\n<meta name=\"twitter:card\" content=\"summary_large_image\" \/>\n<meta name=\"twitter:label1\" content=\"Est. reading time\" \/>\n\t<meta name=\"twitter:data1\" content=\"1 minute\" \/>\n<script type=\"application\/ld+json\" class=\"yoast-schema-graph\">{\"@context\":\"https:\\\/\\\/schema.org\",\"@graph\":[{\"@type\":\"WebPage\",\"@id\":\"https:\\\/\\\/www.hotel-amwartturm.de\\\/en\\\/living-lounge-garden\\\/\",\"url\":\"https:\\\/\\\/www.hotel-amwartturm.de\\\/en\\\/living-lounge-garden\\\/\",\"name\":\"Living lounge \\\/ garden | Hotel Am Wartturm\",\"isPartOf\":{\"@id\":\"https:\\\/\\\/www.hotel-amwartturm.de\\\/en\\\/#website\"},\"datePublished\":\"2022-07-20T13:04:48+00:00\",\"dateModified\":\"2025-07-11T06:19:08+00:00\",\"breadcrumb\":{\"@id\":\"https:\\\/\\\/www.hotel-amwartturm.de\\\/en\\\/living-lounge-garden\\\/#breadcrumb\"},\"inLanguage\":\"en-US\",\"potentialAction\":[{\"@type\":\"ReadAction\",\"target\":[\"https:\\\/\\\/www.hotel-amwartturm.de\\\/en\\\/living-lounge-garden\\\/\"]}]},{\"@type\":\"BreadcrumbList\",\"@id\":\"https:\\\/\\\/www.hotel-amwartturm.de\\\/en\\\/living-lounge-garden\\\/#breadcrumb\",\"itemListElement\":[{\"@type\":\"ListItem\",\"position\":1,\"name\":\"Startseite\",\"item\":\"https:\\\/\\\/www.hotel-amwartturm.de\\\/en\\\/\"},{\"@type\":\"ListItem\",\"position\":2,\"name\":\"Living lounge \\\/ garden\"}]},{\"@type\":\"WebSite\",\"@id\":\"https:\\\/\\\/www.hotel-amwartturm.de\\\/en\\\/#website\",\"url\":\"https:\\\/\\\/www.hotel-amwartturm.de\\\/en\\\/\",\"name\":\"Hotel Am Wartturm\",\"description\":\"Put your stay in our hospitable hands.\",\"potentialAction\":[{\"@type\":\"SearchAction\",\"target\":{\"@type\":\"EntryPoint\",\"urlTemplate\":\"https:\\\/\\\/www.hotel-amwartturm.de\\\/en\\\/?s={search_term_string}\"},\"query-input\":{\"@type\":\"PropertyValueSpecification\",\"valueRequired\":true,\"valueName\":\"search_term_string\"}}],\"inLanguage\":\"en-US\"}]}<\/script>\n<!-- \/ Yoast SEO plugin. -->","yoast_head_json":{"title":"Living lounge \/ garden | Hotel Am Wartturm","robots":{"index":"index","follow":"follow","max-snippet":"max-snippet:-1","max-image-preview":"max-image-preview:large","max-video-preview":"max-video-preview:-1"},"canonical":"https:\/\/www.hotel-amwartturm.de\/en\/living-lounge-garden\/","og_locale":"en_US","og_type":"article","og_title":"Living lounge \/ garden | Hotel Am Wartturm","og_description":"Dies ist eine Beispiel-Seite. Sie unterscheidet sich von Beitr\u00e4gen, da sie stets an derselben Stelle bleibt und (bei den meisten Themes) in der Website-Navigation angezeigt ...","og_url":"https:\/\/www.hotel-amwartturm.de\/en\/living-lounge-garden\/","og_site_name":"Hotel Am Wartturm","article_publisher":"https:\/\/www.facebook.com\/hotel.amwartturm","article_modified_time":"2025-07-11T06:19:08+00:00","twitter_card":"summary_large_image","twitter_misc":{"Est. reading time":"1 minute"},"schema":{"@context":"https:\/\/schema.org","@graph":[{"@type":"WebPage","@id":"https:\/\/www.hotel-amwartturm.de\/en\/living-lounge-garden\/","url":"https:\/\/www.hotel-amwartturm.de\/en\/living-lounge-garden\/","name":"Living lounge \/ garden | Hotel Am Wartturm","isPartOf":{"@id":"https:\/\/www.hotel-amwartturm.de\/en\/#website"},"datePublished":"2022-07-20T13:04:48+00:00","dateModified":"2025-07-11T06:19:08+00:00","breadcrumb":{"@id":"https:\/\/www.hotel-amwartturm.de\/en\/living-lounge-garden\/#breadcrumb"},"inLanguage":"en-US","potentialAction":[{"@type":"ReadAction","target":["https:\/\/www.hotel-amwartturm.de\/en\/living-lounge-garden\/"]}]},{"@type":"BreadcrumbList","@id":"https:\/\/www.hotel-amwartturm.de\/en\/living-lounge-garden\/#breadcrumb","itemListElement":[{"@type":"ListItem","position":1,"name":"Startseite","item":"https:\/\/www.hotel-amwartturm.de\/en\/"},{"@type":"ListItem","position":2,"name":"Living lounge \/ garden"}]},{"@type":"WebSite","@id":"https:\/\/www.hotel-amwartturm.de\/en\/#website","url":"https:\/\/www.hotel-amwartturm.de\/en\/","name":"Hotel Am Wartturm","description":"Put your stay in our hospitable hands.","potentialAction":[{"@type":"SearchAction","target":{"@type":"EntryPoint","urlTemplate":"https:\/\/www.hotel-amwartturm.de\/en\/?s={search_term_string}"},"query-input":{"@type":"PropertyValueSpecification","valueRequired":true,"valueName":"search_term_string"}}],"inLanguage":"en-US"}]}},"_links":{"self":[{"href":"https:\/\/www.hotel-amwartturm.de\/en\/wp-json\/wp\/v2\/pages\/1800","targetHints":{"allow":["GET"]}}],"collection":[{"href":"https:\/\/www.hotel-amwartturm.de\/en\/wp-json\/wp\/v2\/pages"}],"about":[{"href":"https:\/\/www.hotel-amwartturm.de\/en\/wp-json\/wp\/v2\/types\/page"}],"author":[{"embeddable":true,"href":"https:\/\/www.hotel-amwartturm.de\/en\/wp-json\/wp\/v2\/users\/4"}],"replies":[{"embeddable":true,"href":"https:\/\/www.hotel-amwartturm.de\/en\/wp-json\/wp\/v2\/comments?post=1800"}],"version-history":[{"count":5,"href":"https:\/\/www.hotel-amwartturm.de\/en\/wp-json\/wp\/v2\/pages\/1800\/revisions"}],"predecessor-version":[{"id":5769,"href":"https:\/\/www.hotel-amwartturm.de\/en\/wp-json\/wp\/v2\/pages\/1800\/revisions\/5769"}],"wp:attachment":[{"href":"https:\/\/www.hotel-amwartturm.de\/en\/wp-json\/wp\/v2\/media?parent=1800"}],"curies":[{"name":"wp","href":"https:\/\/api.w.org\/{rel}","templated":true}]}}